{"id":3707,"date":"2023-09-25T20:30:05","date_gmt":"2023-09-25T23:30:05","guid":{"rendered":"http:\/\/hcdvillaocampo.gob.ar\/?page_id=3707"},"modified":"2023-09-25T20:44:00","modified_gmt":"2023-09-25T23:44:00","slug":"institucion","status":"publish","type":"page","link":"http:\/\/hcdvillaocampo.gob.ar\/?page_id=3707","title":{"rendered":"Instituci\u00f3n"},"content":{"rendered":"\t\t<div data-elementor-type=\"wp-page\" data-elementor-id=\"3707\" class=\"elementor elementor-3707\" data-elementor-post-type=\"page\">\n\t\t\t\t\t\t<section class=\"elementor-section elementor-top-section elementor-element elementor-element-d4e40e2 elementor-section-boxed elementor-section-height-default elementor-section-height-default\" data-id=\"d4e40e2\" data-element_type=\"section\">\n\t\t\t\t\t\t<div class=\"elementor-container elementor-column-gap-default\">\n\t\t\t\t\t<div class=\"elementor-column elementor-col-100 elementor-top-column elementor-element elementor-element-594fe1a\" data-id=\"594fe1a\" data-element_type=\"column\">\n\t\t\t<div class=\"elementor-column-wrap--594fe1a elementor-widget-wrap elementor-element-populated\">\n\t\t\t\t\t\t<div class=\"elementor-element elementor-element-e63459c elementor-widget elementor-widget-accordion\" data-id=\"e63459c\" data-element_type=\"widget\" data-widget_type=\"accordion.default\">\n\t\t\t\t<div class=\"elementor-widget-container\">\n\t\t\t\t\t\t\t<div class=\"elementor-accordion\">\n\t\t\t\t\t\t\t<div class=\"elementor-accordion-item\">\n\t\t\t\t\t<div id=\"elementor-tab-title-2411\" class=\"elementor-tab-title\" data-tab=\"1\" role=\"button\" aria-controls=\"elementor-tab-content-2411\" aria-expanded=\"false\">\n\t\t\t\t\t\t\t\t\t\t\t\t\t<span class=\"elementor-accordion-icon elementor-accordion-icon-left\" aria-hidden=\"true\">\n\t\t\t\t\t\t\t\t\t\t\t\t\t\t\t<span class=\"elementor-accordion-icon-closed\"><svg class=\"e-font-icon-svg e-fas-plus\" viewBox=\"0 0 448 512\" xmlns=\"http:\/\/www.w3.org\/2000\/svg\"><path d=\"M416 208H272V64c0-17.67-14.33-32-32-32h-32c-17.67 0-32 14.33-32 32v144H32c-17.67 0-32 14.33-32 32v32c0 17.67 14.33 32 32 32h144v144c0 17.67 14.33 32 32 32h32c17.67 0 32-14.33 32-32V304h144c17.67 0 32-14.33 32-32v-32c0-17.67-14.33-32-32-32z\"><\/path><\/svg><\/span>\n\t\t\t\t\t\t\t\t<span class=\"elementor-accordion-icon-opened\"><svg class=\"e-font-icon-svg e-fas-minus\" viewBox=\"0 0 448 512\" xmlns=\"http:\/\/www.w3.org\/2000\/svg\"><path d=\"M416 208H32c-17.67 0-32 14.33-32 32v32c0 17.67 14.33 32 32 32h384c17.67 0 32-14.33 32-32v-32c0-17.67-14.33-32-32-32z\"><\/path><\/svg><\/span>\n\t\t\t\t\t\t\t\t\t\t\t\t\t\t<\/span>\n\t\t\t\t\t\t\t\t\t\t\t\t<a class=\"elementor-accordion-title\" tabindex=\"0\">\u00bfQu\u00e9 es el Concejo Municipal?<\/a>\n\t\t\t\t\t<\/div>\n\t\t\t\t\t<div id=\"elementor-tab-content-2411\" class=\"elementor-tab-content elementor-clearfix\" data-tab=\"1\" role=\"region\" aria-labelledby=\"elementor-tab-title-2411\"><p>El <strong>Concejo Municipal<\/strong> es uno de los principales escenarios para el ejercicio de la democracia representativa a nivel local, representa los intereses de los ciudadanos como sujetos de derechos y deberes y es un actor fundamental para el logro del buen gobierno.<\/p><p>\u00a0 \u00a0\u00a0\u00a0\u00a0\u00a0\u00a0\u00a0\u00a0\u00a0 Desde el Concejo se afronta el verdadero desaf\u00edo de impulsar propuestas, sue\u00f1os y proyectos, se busca fortalecer en contenido a la actividad pol\u00edtica utiliz\u00e1ndola como un instrumento de cambio para mejorar la calidad de vida de la comunidad.<\/p><p>\u00a0 \u00a0\u00a0\u00a0\u00a0\u00a0\u00a0\u00a0\u00a0\u00a0 El intercambio de ideas, los debates, disensos y consensos respecto de los temas que repercuten en la vida de los vecinos, se despliegan en el \u00e1mbito pol\u00edtico-institucional constituido por el Concejo Municipal. Sus miembros buscan, a trav\u00e9s de las herramientas disponibles, que se constituya en un espacio de construcci\u00f3n de ciudadan\u00eda, tanto a partir de las normas que se sancionan como desde las diferentes instancias de interacci\u00f3n con la sociedad.\u00a0\u00a0\u00a0\u00a0<\/p><p>\u00a0\u00a0\u00a0\u00a0\u00a0\u00a0\u00a0\u00a0\u00a0\u00a0\u00a0 El Concejo es el nexo entre el Ejecutivo local y los ciudadanos. Por lo tanto, debe velar por el bienestar colectivo y controlar pol\u00edticamente a la administraci\u00f3n. El control pol\u00edtico es la facultad del Cuerpo deliberativo de pedir cuentas al Ejecutivo sobre su gesti\u00f3n, con especial \u00e9nfasis en aquello en lo que se comprometi\u00f3. Los ciudadanos delegan en los concejales su derecho a ser informados y a vigilar c\u00f3mo se gestiona el inter\u00e9s p\u00fablico<strong>.<\/strong><\/p><p><strong>\u00a0\u00a0\u00a0\u00a0\u00a0\u00a0\u00a0\u00a0\u00a0\u00a0\u00a0 <\/strong>La idea de la representatividad o la delegaci\u00f3n del poder soberano del pueblo en sus funcionarios p\u00fablicos electos, es la clave del sistema democr\u00e1tico. A estos funcionarios, investidos con un cargo con potestades y responsabilidades expl\u00edcitas, les corresponde tomar las decisiones que regir\u00e1n la vida de sus electores.<\/p><p>\u00a0\u00a0\u00a0\u00a0\u00a0\u00a0\u00a0\u00a0\u00a0\u00a0\u00a0 La democracia representativa apunta a brindar a la ciudadan\u00eda un modelo de\u00a0gesti\u00f3n pol\u00edtica\u00a0que permita tomar medidas de modo eficiente considerando las diferentes voces y tendencias. Ser democr\u00e1ticos implica estar dispuestos a consensuar ideas en pos del bien com\u00fan sabiendo que las diferencias y conflictos deben abordarse a trav\u00e9s del di\u00e1logo.<\/p><p>No hay ciudad sin ciudadanos y no hay ciudadanos sin derechos y obligaciones. Por tal motivo, todos tenemos que constituirnos en part\u00edcipes de la transformaci\u00f3n, de la generaci\u00f3n de espacios para mejorar la calidad de vida de los vecinos y de forjar posibilidades para la igualdad.<\/p><p><strong>\u00a0<\/strong><\/p><\/div>\n\t\t\t\t<\/div>\n\t\t\t\t\t\t\t<div class=\"elementor-accordion-item\">\n\t\t\t\t\t<div id=\"elementor-tab-title-2412\" class=\"elementor-tab-title\" data-tab=\"2\" role=\"button\" aria-controls=\"elementor-tab-content-2412\" aria-expanded=\"false\">\n\t\t\t\t\t\t\t\t\t\t\t\t\t<span class=\"elementor-accordion-icon elementor-accordion-icon-left\" aria-hidden=\"true\">\n\t\t\t\t\t\t\t\t\t\t\t\t\t\t\t<span class=\"elementor-accordion-icon-closed\"><svg class=\"e-font-icon-svg e-fas-plus\" viewBox=\"0 0 448 512\" xmlns=\"http:\/\/www.w3.org\/2000\/svg\"><path d=\"M416 208H272V64c0-17.67-14.33-32-32-32h-32c-17.67 0-32 14.33-32 32v144H32c-17.67 0-32 14.33-32 32v32c0 17.67 14.33 32 32 32h144v144c0 17.67 14.33 32 32 32h32c17.67 0 32-14.33 32-32V304h144c17.67 0 32-14.33 32-32v-32c0-17.67-14.33-32-32-32z\"><\/path><\/svg><\/span>\n\t\t\t\t\t\t\t\t<span class=\"elementor-accordion-icon-opened\"><svg class=\"e-font-icon-svg e-fas-minus\" viewBox=\"0 0 448 512\" xmlns=\"http:\/\/www.w3.org\/2000\/svg\"><path d=\"M416 208H32c-17.67 0-32 14.33-32 32v32c0 17.67 14.33 32 32 32h384c17.67 0 32-14.33 32-32v-32c0-17.67-14.33-32-32-32z\"><\/path><\/svg><\/span>\n\t\t\t\t\t\t\t\t\t\t\t\t\t\t<\/span>\n\t\t\t\t\t\t\t\t\t\t\t\t<a class=\"elementor-accordion-title\" tabindex=\"0\">50\u00b0 Aniversario del Concejo Municipal<\/a>\n\t\t\t\t\t<\/div>\n\t\t\t\t\t<div id=\"elementor-tab-content-2412\" class=\"elementor-tab-content elementor-clearfix\" data-tab=\"2\" role=\"region\" aria-labelledby=\"elementor-tab-title-2412\"><p><strong>50\u00b0 Aniversario del Concejo Municipal<\/strong><\/p><p>13 de setiembre de 1963-13 de septiembre de 2013\u00a0 \u00a0 \u00a0 \u00a0 \u00a0 \u00a0 \u00a0 \u00a0<\/p><p>\u00a0\u00a0 El primer Concejo se conform\u00f3 con cinco integrantes y de all\u00ed surgi\u00f3 el nuevo Intendente Municipal mediante el sistema de elecci\u00f3n indirecta y por simple mayor\u00eda; la banca que qued\u00f3 vacante fue ocupada por el suplente de su lista. Reci\u00e9n en el a\u00f1o 1965, cuando se renov\u00f3 parcialmente el Concejo, se aument\u00f3 a seis el n\u00famero de sus miembros.<\/p><p>\u00a0\u00a0 Tras las elecciones del 7 de julio de 1963 (<strong>Villa Ocampo fue declarada ciudad <\/strong><strong>\u00a0el 12 de abril de 1962<\/strong>) el Concejo qued\u00f3 conformado por <strong>Roberto Mej\u00edas<\/strong> (Uni\u00f3n C\u00edvica Radical del Pueblo), <strong>Modesto Cracogna<\/strong> (Partido Dem\u00f3crata Cristiano), <strong>Luciano Salcedo<\/strong> (Partido Dem\u00f3crata Progresista), <strong>Elpidio Gonz\u00e1lez<\/strong> (Uni\u00f3n del Pueblo Argentino) y <strong>Rolando Casali <\/strong>(Uni\u00f3n Popular), constituy\u00e9ndose de una manera verdaderamente plural en cuanto a la representaci\u00f3n partidaria.<\/p><p>\u00a0\u00a0 Semanas despu\u00e9s, de acuerdo a una comunicaci\u00f3n telegr\u00e1fica recibida en la Municipalidad, los concejales electos se deb\u00edan reunir a los efectos de constituir el Cuerpo y, a su vez, elegir Intendente. El d\u00eda 13 de septiembre, reunidos en sesi\u00f3n p\u00fablica y design\u00e1ndose al concejal de mayor edad como Presidente de la sesi\u00f3n -cargo que le correspondi\u00f3 a Modesto Cracogna- se presentaron los diplomas que los acreditaban como candidatos triunfantes en los \u00faltimos comicios. Tras la invitaci\u00f3n del Presidente se procedi\u00f3 a realizar la votaci\u00f3n para designar al <strong>primer Intendente Municipal de Villa Ocampo<\/strong>. Uno a uno fueron emitiendo su voto en forma nominal, resultando consagrado por unanimidad el <strong>Sr. Roberto Mej\u00edas<\/strong>; candidato m\u00e1s votado en las elecciones realizadas.<\/p><p>\u00a0\u00a0 La siguiente sesi\u00f3n del Concejo se realiz\u00f3 el 20 de septiembre; instancia en la que se incorpor\u00f3 un nuevo Concejal, <strong>Baldomero Arch<\/strong>, para ocupar la banca del electo Intendente Roberto Mej\u00edas. En la misma sesi\u00f3n procedieron a elegir sus autoridades: Luciano Salcedo Presidente, Modesto Cracogna Vicepresidente 1\u00b0 y Rolando Casali Vicepresidente 2\u00b0.<\/p><p>\u00a0\u00a0Tras designarse las autoridades y haberse tomado el juramento de pr\u00e1ctica a los ediles, de manera inesperada el Sr. Modesto Cracogna inform\u00f3 que, por disposici\u00f3n partidaria, presentaba su renuncia al cargo incorpor\u00e1ndose en su lugar el suplente <strong>Enrique Machado.<\/strong> De esa manera el Concejo qued\u00f3 conformado por Luciano Salcedo, Baldomero Arch, Elpidio Gonz\u00e1lez, Rolando Casali y Enrique Machado.<\/p><p>\u00a0\u00a0 As\u00ed inici\u00f3 sus actividades el Honorable Concejo Municipal de Villa Ocampo como \u00f3rgano legislativo y pilar fundamental de la estructura institucional del flamante Municipio de Villa Ocampo y manifestaci\u00f3n del pluralismo democr\u00e1tico y la representaci\u00f3n comunitaria.<\/p><p>\u00a0\u00a0 Pueden reconocerse tres momentos en la historia del Concejo Municipal relacionadas con el contexto pol\u00edtico nacional, sujeto a los avatares que provocaron las continuas interrupciones de los gobiernos democr\u00e1ticos por Golpes de Estado que impusieron gobiernos de facto. Un primer momento fue el per\u00edodo 1963-1966 cuando al producirse la primera renovaci\u00f3n parcial, en el a\u00f1o 1965, se agreg\u00f3 un nuevo miembro; de ese modo el Concejo Municipal pas\u00f3 a tener 6 integrantes.<\/p><p>\u00a0\u00a0 Un segundo momento en la vida del Honorable Concejo Municipal se extendi\u00f3 desde 1973 hasta 1976; y, finalmente, un tercero en 1983 con el retorno del sistema democr\u00e1tico y el Estado de Derecho, con la plena vigencia de las instituciones republicanas y constitucionales. La celebraci\u00f3n de los 50 a\u00f1os de la Conformaci\u00f3n del Honorable Concejo Municipal de Villa Ocampo coincidi\u00f3 con los 30 a\u00f1os ininterrumpidos de vigencia del orden democr\u00e1tico, el m\u00e1s largo de la historia argentina.<\/p><p>\u00a0\u00a0 En este per\u00edodo puede destacarse la elecci\u00f3n de la primera Concejal: la Dra. Lili\u00e1n Del Fabro, en el a\u00f1o 1989, antes de la sanci\u00f3n de la Ley de Cupo femenino. Precisamente, por la aplicaci\u00f3n de esa Ley y, fundamentalmente, por el creciente protagonismo de las mujeres de la comunidad en la actividad pol\u00edtica &#8211; entre otras que hacen a la actividad de las instituciones ocampenses- fueron varias las que se incorporaron al Concejo Municipal.<\/p><p>\u00a0\u00a0 Esta evocaci\u00f3n en la historia del Honorable Concejo Municipal de Villa Ocampo es una celebraci\u00f3n de la vida en Democracia, de la vida en Libertad, de la convivencia arm\u00f3nica, del di\u00e1logo, de la b\u00fasqueda del consenso, del trabajo mancomunado, del compromiso constante con el desarrollo y el crecimiento guiados por el esp\u00edritu progresista que sign\u00f3 nuestra historia desde su fundaci\u00f3n como Colonia por Don Manuel Ocampo Saman\u00e9s.<\/p><p>\u00a0\u00a0 Fueron\u00a0 52 los ciudadanos que ocuparon una banca en el Concejo Municipal en el transcurso de sus primeros 50 a\u00f1os de vida, 44 hombres y 8 mujeres. Cada uno de ellos, desde su convicci\u00f3n y su pertenencia partidaria, aport\u00f3 y apost\u00f3 al fortalecimiento de la democracia con el debate p\u00fablico de normas y reglamentos locales, siendo contralor del Ejecutivo, manteniendo la transparencia de la instituci\u00f3n, fomentando la diversidad y, por sobre todas las cosas, intentando siempre alcanzar el consenso necesario para reafirmar la paz social en nuestra comunidad.<\/p><p>\u00a0\u00a0 A continuaci\u00f3n, los nombres de quienes formaron parte del Concejo en sus primeros 50 a\u00f1os de historia:<\/p><ol><li>Baldomero Juan Arch (1963-1965)<\/li><li>Rolando Casali (1963-1965, 1965-1966, 1983-1987, 1987-1991)<\/li><li>Modesto Ger\u00f3nimo Cracogna (1963)<\/li><li>Elpidio Gonz\u00e1lez (1963-1966)<\/li><li>Enrique Machado (1963-1966)<\/li><li>Luciano Salcedo (1963-1965)<\/li><li>Liberato Idilio Aquino (1965-1966)<\/li><li>Luis Antonio Granzotto (1965-1966)<\/li><li>Rogelio Pascual Mart\u00ednez (1965-1966, 1973-1976)<\/li><li>V\u00edctor Dami\u00e1n Medina (1973-1976)<\/li><li>Roberto Mej\u00edas (1973-1976, 1987-1989)<\/li><li>Roberto M\u00f3naco (1973-1976)<\/li><li>Arnaldo Rub\u00e9n Rivera (1973-1976)<\/li><li>Horacio Seifer (1973-1976)<\/li><li>Pedro Santiago Steeman (1973)<\/li><li>Mario Armando Galibert (1983-1987)<\/li><li>Juan Santos Pereson (1983-1985, 1995-1999)<\/li><li>Arnoldo Clarito Rano (1983-1987, 1987-1991, 1997-2001)<\/li><li>Ram\u00f3n Oscar Segovia (1983-1985, 1985-1989, 1989-1993)<\/li><li>Ra\u00fal Jos\u00e9 Wirth (1983-1985, 1999-2001)<\/li><li>Atilio Antonio Bruno (1985-1989)<\/li><li>Alberto Luis Cohen (1985-1989)<\/li><li>Juan Carlos Coronel (1989-1991)<\/li><li>Lili\u00e1n del Carmen Del Fabro (1989-1993)<\/li><li>Magno Arnaldo R\u00edos (1989-1993, 1993-1997, 1999-2003)<\/li><li>Oscar Fernando Galibert (1991-1995)<\/li><li>Domingo Jos\u00e9 (1991-1995)<\/li><li>Lidia Teresa Spont\u00f3n (1991-1995)<\/li><li>Ra\u00fal Fiant (1993)<\/li><li>Leopoldo Isaac Paillet (1993-1997)<\/li><li>Santiago Ricardo Pepermans (1993-1997)<\/li><li>Nancy Sara Chaher (1995-1999)<\/li><li>Tito Orlando Pagura (1995-1999)<\/li><li>Jos\u00e9 Gustavo Adolfo Steeman (1997-2001, 2001-2005)<\/li><li>Antonio Francisco Tomad\u00edn (1997-2001)<\/li><li>Yolanda G\u00f3mez (1999-2003)<\/li><li>Eduardo Antonio Jos\u00e9 (2001-2003, 2003-2007)<\/li><li>Ram\u00f3n Catalino Lezcano (2001-2005)<\/li><li>Mario Alberto Nuss (2003-2007)<\/li><li>Alicia Yolanda Yaique (2001-2005, 2005-2009)<\/li><li>David Sixto Floreta (2003-2007, 2007-2011)<\/li><li>Eduardo Federico Richter (2005-2009)<\/li><li>Bernardo Ren\u00e9 Villalba (2005-2009, 2010-2013)<\/li><li>Elsa Ester G\u00f3mez (2007-2011)<\/li><li>Juan \u00c1ngel Gregoret (2007-2011, 2011-2013)<\/li><li>M\u00e1ximo Agust\u00edn Maidana (2009)<\/li><li>Dante Alfredo Pereson (2009-2013)<\/li><li>Ernesto Esteban Rano (2009-2013)<\/li><li>Estela Maris Yaccuzzi (2009-2010)<\/li><li>Jos\u00e9 Rub\u00e9n Brac (2011-2015)<\/li><li>Noelia Clara Centuri\u00f3n (2011-2015)<\/li><li>Alexis Humberto Jos\u00e9 Acosta (2013-2015)<\/li><\/ol><\/div>\n\t\t\t\t<\/div>\n\t\t\t\t\t\t\t<div class=\"elementor-accordion-item\">\n\t\t\t\t\t<div id=\"elementor-tab-title-2413\" class=\"elementor-tab-title\" data-tab=\"3\" role=\"button\" aria-controls=\"elementor-tab-content-2413\" aria-expanded=\"false\">\n\t\t\t\t\t\t\t\t\t\t\t\t\t<span class=\"elementor-accordion-icon elementor-accordion-icon-left\" aria-hidden=\"true\">\n\t\t\t\t\t\t\t\t\t\t\t\t\t\t\t<span class=\"elementor-accordion-icon-closed\"><svg class=\"e-font-icon-svg e-fas-plus\" viewBox=\"0 0 448 512\" xmlns=\"http:\/\/www.w3.org\/2000\/svg\"><path d=\"M416 208H272V64c0-17.67-14.33-32-32-32h-32c-17.67 0-32 14.33-32 32v144H32c-17.67 0-32 14.33-32 32v32c0 17.67 14.33 32 32 32h144v144c0 17.67 14.33 32 32 32h32c17.67 0 32-14.33 32-32V304h144c17.67 0 32-14.33 32-32v-32c0-17.67-14.33-32-32-32z\"><\/path><\/svg><\/span>\n\t\t\t\t\t\t\t\t<span class=\"elementor-accordion-icon-opened\"><svg class=\"e-font-icon-svg e-fas-minus\" viewBox=\"0 0 448 512\" xmlns=\"http:\/\/www.w3.org\/2000\/svg\"><path d=\"M416 208H32c-17.67 0-32 14.33-32 32v32c0 17.67 14.33 32 32 32h384c17.67 0 32-14.33 32-32v-32c0-17.67-14.33-32-32-32z\"><\/path><\/svg><\/span>\n\t\t\t\t\t\t\t\t\t\t\t\t\t\t<\/span>\n\t\t\t\t\t\t\t\t\t\t\t\t<a class=\"elementor-accordion-title\" tabindex=\"0\">Reglamento interto<\/a>\n\t\t\t\t\t<\/div>\n\t\t\t\t\t<div id=\"elementor-tab-content-2413\" class=\"elementor-tab-content elementor-clearfix\" data-tab=\"3\" role=\"region\" aria-labelledby=\"elementor-tab-title-2413\"><p><div class=\"wpfd-single-file pdf\" data-id=\"3715\" data-catid=\"157\">\n    <input type=\"hidden\" class=\"wpfd_file_preview_link_download\" value=\"http:\/\/hcdvillaocampo.gob.ar\/wp-admin\/admin-ajax.php?juwpfisadmin&#x3D;false&amp;action&#x3D;wpfd&amp;task&#x3D;file.download&amp;wpfd_category_id&#x3D;157&amp;wpfd_file_id&#x3D;3715\" data-filetitle=\"Reglamento Interno Modificado-Resolucio\u0301n 06-2020\" data-fileicons=\"ext ext-pdf wpfd-icon-set-svg\" \/>\n    <div class=\"wpfd-single-file--icon\">\n            <a href=\"http:\/\/hcdvillaocampo.gob.ar\/wp-admin\/admin-ajax.php?juwpfisadmin&#x3D;false&amp;action&#x3D;wpfd&amp;task&#x3D;file.download&amp;wpfd_category_id&#x3D;157&amp;wpfd_file_id&#x3D;3715\" alt=\"Reglamento Interno Modificado-Resolucio\u0301n 06-2020\" class=\"noLightbox\" data-file-type=\"pdf\" data-id=\"3715\" data-catid=\"157\">\n            <div class=\"wpfd-icon-placeholder\" style=\"background-image: url(&quot;http:\/\/hcdvillaocampo.gob.ar\/wp-content\/plugins\/wp-file-download\/app\/site\/assets\/icons\/svg\/pdf.svg&quot;);border-radius: 4%;box-shadow: 0px 0px 0px 0px transparent;background-color: #CB0606;border: 0px solid ;background-size: 100%;\"><\/div>\n        <\/a>\n    <\/div>\n\n    <div class=\"wpfd-single-file--details wpfd-file-content\">\n                        <h4 class=\"wpfd-file-content--title\"><a href=\"http:\/\/hcdvillaocampo.gob.ar\/wp-admin\/admin-ajax.php?juwpfisadmin&#x3D;false&amp;action&#x3D;wpfd&amp;task&#x3D;file.download&amp;wpfd_category_id&#x3D;157&amp;wpfd_file_id&#x3D;3715\" style=\"text-decoration: none\">Reglamento Interno Modificado-Resolucio\u0301n 06-2020<\/a><\/h4>\n    <\/div>\n    <div class=\"wpfd-single-file--buttons\">\n                                <a href=\"http:\/\/hcdvillaocampo.gob.ar\/wp-admin\/admin-ajax.php?juwpfisadmin&#x3D;false&amp;action&#x3D;wpfd&amp;task&#x3D;file.download&amp;wpfd_category_id&#x3D;157&amp;wpfd_file_id&#x3D;3715\"  data-id=\"3715\" title=\"Reglamento Interno Modificado-Resolucio\u0301n 06-2020\" class=\"noLightbox wpfd_downloadlink wpfd-single-file-button wpfd-button-download\">\n                    <svg xmlns=\"http:\/\/www.w3.org\/2000\/svg\" width=\"20\" height=\"20\" viewBox=\"0 0 400 400\"><g fill=\"#ffffff\"><path d=\"M200 400H26c-18 0-26-9-26-27v-73c0-16 9-25 24-25h105a14 14 0 018 4l28 28c21 21 48 21 69 0l28-29a13 13 0 018-3h106c14 0 24 9 24 23v79c0 14-10 23-25 23H200zm155-63c-9 0-17 8-17 16a15 15 0 0015 16c9 0 17-7 17-16a16 16 0 00-15-16zm-47 16c0-9-7-16-16-16a16 16 0 00-15 16c0 9 6 16 15 16s16-7 16-16zM245 127h55a56 56 0 017 0c7 0 11 4 13 10 3 6 1 11-3 16l-43 45-62 63c-8 9-17 9-25 1L83 154c-5-5-6-11-4-18 3-7 9-9 15-9h61v-9-99c0-14 5-19 17-19h55c13 0 18 5 18 19v99z\"\/><\/g><\/svg>\n                    <span>Descargar<\/span>\n                <\/a>\n                        <a href=\"https:\/\/docs.google.com\/viewer?url&#x3D;http%3A%2F%2Fhcdvillaocampo.gob.ar%2Fwp-admin%2Fadmin-ajax.php%3Fjuwpfisadmin%3Dfalse%26action%3Dwpfd%26task%3Dfile.download%26wpfd_category_id%3D157%26wpfd_file_id%3D3715%26token%3D%26preview%3D1&amp;embedded&#x3D;true\" class=\"wpfd-single-file-button wpfd-button-preview wpfd_previewlink wpfdlightbox\"\n                            data-id=\"3715\" data-catid=\"157\"\n                            data-file-type=\"pdf\">\n                            <svg xmlns=\"http:\/\/www.w3.org\/2000\/svg\" width=\"20\" height=\"20\" viewBox=\"0 0 400 400\"><g fill=\"#ffffff\"><path d=\"M200 325c-36 0-70-11-101-30a356 356 0 01-92-80c-9-11-9-19 0-29 37-44 79-79 131-99 51-20 102-14 151 12 41 22 76 52 106 89 6 8 7 16 1 23-39 48-85 85-141 105a167 167 0 01-55 9zm0-47c41 0 75-36 75-81s-34-81-75-81c-42 0-75 36-75 81s34 81 75 81z\"\/><path d=\"M200 159c21 0 38 17 38 38 0 20-17 37-38 37s-38-17-38-37c0-21 17-38 38-38z\"\/><\/g><\/svg>\n                            <span>Vista Previa<\/span>\n                        <\/a>\n    <\/div>\n<\/div>\n<\/p><\/div>\n\t\t\t\t<\/div>\n\t\t\t\t\t\t\t\t<\/div>\n\t\t\t\t\t\t<\/div>\n\t\t\t\t<\/div>\n\t\t\t\t\t<\/div>\n\t\t<\/div>\n\t\t\t\t\t<\/div>\n\t\t<\/section>\n\t\t\t\t<\/div>\n\t\t","protected":false},"excerpt":{"rendered":"<p>\u00bfQu\u00e9 es el Concejo Municipal? El Concejo Municipal es uno de los principales escenarios para el ejercicio de la democracia representativa a nivel local, representa los intereses de los ciudadanos como sujetos de derechos y deberes y es un actor fundamental para el logro del buen gobierno. \u00a0 \u00a0\u00a0\u00a0\u00a0\u00a0\u00a0\u00a0\u00a0\u00a0 Desde el Concejo se afronta el [&hellip;]<\/p>\n","protected":false},"author":1,"featured_media":0,"parent":0,"menu_order":0,"comment_status":"closed","ping_status":"closed","template":"","meta":{"_acf_changed":false,"footnotes":""},"class_list":["post-3707","page","type-page","status-publish","hentry"],"acf":[],"_links":{"self":[{"href":"http:\/\/hcdvillaocampo.gob.ar\/index.php?rest_route=\/wp\/v2\/pages\/3707","targetHints":{"allow":["GET"]}}],"collection":[{"href":"http:\/\/hcdvillaocampo.gob.ar\/index.php?rest_route=\/wp\/v2\/pages"}],"about":[{"href":"http:\/\/hcdvillaocampo.gob.ar\/index.php?rest_route=\/wp\/v2\/types\/page"}],"author":[{"embeddable":true,"href":"http:\/\/hcdvillaocampo.gob.ar\/index.php?rest_route=\/wp\/v2\/users\/1"}],"replies":[{"embeddable":true,"href":"http:\/\/hcdvillaocampo.gob.ar\/index.php?rest_route=%2Fwp%2Fv2%2Fcomments&post=3707"}],"version-history":[{"count":10,"href":"http:\/\/hcdvillaocampo.gob.ar\/index.php?rest_route=\/wp\/v2\/pages\/3707\/revisions"}],"predecessor-version":[{"id":3718,"href":"http:\/\/hcdvillaocampo.gob.ar\/index.php?rest_route=\/wp\/v2\/pages\/3707\/revisions\/3718"}],"wp:attachment":[{"href":"http:\/\/hcdvillaocampo.gob.ar\/index.php?rest_route=%2Fwp%2Fv2%2Fmedia&parent=3707"}],"curies":[{"name":"wp","href":"https:\/\/api.w.org\/{rel}","templated":true}]}}