{"id":3818,"date":"2023-09-25T21:25:59","date_gmt":"2023-09-26T00:25:59","guid":{"rendered":"http:\/\/hcdvillaocampo.gob.ar\/?page_id=3818"},"modified":"2023-09-26T19:23:23","modified_gmt":"2023-09-26T22:23:23","slug":"programa-concejo-joven","status":"publish","type":"page","link":"http:\/\/hcdvillaocampo.gob.ar\/?page_id=3818","title":{"rendered":"Programa Concejo Joven"},"content":{"rendered":"\t\t<div data-elementor-type=\"wp-page\" data-elementor-id=\"3818\" class=\"elementor elementor-3818\" data-elementor-post-type=\"page\">\n\t\t\t\t\t\t<section class=\"elementor-section elementor-top-section elementor-element elementor-element-c0a2e82 elementor-section-boxed elementor-section-height-default elementor-section-height-default\" data-id=\"c0a2e82\" data-element_type=\"section\">\n\t\t\t\t\t\t<div class=\"elementor-container elementor-column-gap-default\">\n\t\t\t\t\t<div class=\"elementor-column elementor-col-50 elementor-top-column elementor-element elementor-element-1b15a58\" data-id=\"1b15a58\" data-element_type=\"column\">\n\t\t\t<div class=\"elementor-column-wrap--1b15a58 elementor-widget-wrap elementor-element-populated\">\n\t\t\t\t\t\t<div class=\"elementor-element elementor-element-2457ed5 elementor-widget elementor-widget-wpfd_choose_file\" data-id=\"2457ed5\" data-element_type=\"widget\" data-widget_type=\"wpfd_choose_file.default\">\n\t\t\t\t<div class=\"elementor-widget-container\">\n\t\t\t\t\t<div id=\"wpfd-elementor-single-file\" class=\"wpfd-elementor-single-file\"><div class=\"wpfd-single-file pdf\" data-id=\"3820\" data-catid=\"157\">\n    <input type=\"hidden\" class=\"wpfd_file_preview_link_download\" value=\"http:\/\/hcdvillaocampo.gob.ar\/wp-admin\/admin-ajax.php?juwpfisadmin&#x3D;false&amp;action&#x3D;wpfd&amp;task&#x3D;file.download&amp;wpfd_category_id&#x3D;157&amp;wpfd_file_id&#x3D;3820\" data-filetitle=\"REGLAMENTO CONCEJO JOVEN\" data-fileicons=\"ext ext-pdf wpfd-icon-set-svg\" \/>\n    <div class=\"wpfd-single-file--icon\">\n            <a href=\"http:\/\/hcdvillaocampo.gob.ar\/wp-admin\/admin-ajax.php?juwpfisadmin&#x3D;false&amp;action&#x3D;wpfd&amp;task&#x3D;file.download&amp;wpfd_category_id&#x3D;157&amp;wpfd_file_id&#x3D;3820\" alt=\"REGLAMENTO CONCEJO JOVEN\" class=\"noLightbox\" data-file-type=\"pdf\" data-id=\"3820\" data-catid=\"157\">\n            <div class=\"wpfd-icon-placeholder\" style=\"background-image: url(&quot;http:\/\/hcdvillaocampo.gob.ar\/wp-content\/plugins\/wp-file-download\/app\/site\/assets\/icons\/svg\/pdf.svg&quot;);border-radius: 4%;box-shadow: 0px 0px 0px 0px transparent;background-color: #CB0606;border: 0px solid ;background-size: 100%;\"><\/div>\n        <\/a>\n    <\/div>\n\n    <div class=\"wpfd-single-file--details wpfd-file-content\">\n                        <h4 class=\"wpfd-file-content--title\"><a href=\"http:\/\/hcdvillaocampo.gob.ar\/wp-admin\/admin-ajax.php?juwpfisadmin&#x3D;false&amp;action&#x3D;wpfd&amp;task&#x3D;file.download&amp;wpfd_category_id&#x3D;157&amp;wpfd_file_id&#x3D;3820\" style=\"text-decoration: none\">REGLAMENTO CONCEJO JOVEN<\/a><\/h4>\n    <\/div>\n    <div class=\"wpfd-single-file--buttons\">\n                                <a href=\"http:\/\/hcdvillaocampo.gob.ar\/wp-admin\/admin-ajax.php?juwpfisadmin&#x3D;false&amp;action&#x3D;wpfd&amp;task&#x3D;file.download&amp;wpfd_category_id&#x3D;157&amp;wpfd_file_id&#x3D;3820\"  data-id=\"3820\" title=\"REGLAMENTO CONCEJO JOVEN\" class=\"noLightbox wpfd_downloadlink wpfd-single-file-button wpfd-button-download\">\n                    <svg xmlns=\"http:\/\/www.w3.org\/2000\/svg\" width=\"20\" height=\"20\" viewBox=\"0 0 400 400\"><g fill=\"#ffffff\"><path d=\"M200 400H26c-18 0-26-9-26-27v-73c0-16 9-25 24-25h105a14 14 0 018 4l28 28c21 21 48 21 69 0l28-29a13 13 0 018-3h106c14 0 24 9 24 23v79c0 14-10 23-25 23H200zm155-63c-9 0-17 8-17 16a15 15 0 0015 16c9 0 17-7 17-16a16 16 0 00-15-16zm-47 16c0-9-7-16-16-16a16 16 0 00-15 16c0 9 6 16 15 16s16-7 16-16zM245 127h55a56 56 0 017 0c7 0 11 4 13 10 3 6 1 11-3 16l-43 45-62 63c-8 9-17 9-25 1L83 154c-5-5-6-11-4-18 3-7 9-9 15-9h61v-9-99c0-14 5-19 17-19h55c13 0 18 5 18 19v99z\"\/><\/g><\/svg>\n                    <span>Descargar<\/span>\n                <\/a>\n                        <a href=\"https:\/\/docs.google.com\/viewer?url&#x3D;http%3A%2F%2Fhcdvillaocampo.gob.ar%2Fwp-admin%2Fadmin-ajax.php%3Fjuwpfisadmin%3Dfalse%26action%3Dwpfd%26task%3Dfile.download%26wpfd_category_id%3D157%26wpfd_file_id%3D3820%26token%3D%26preview%3D1&amp;embedded&#x3D;true\" class=\"wpfd-single-file-button wpfd-button-preview wpfd_previewlink wpfdlightbox\"\n                            data-id=\"3820\" data-catid=\"157\"\n                            data-file-type=\"pdf\">\n                            <svg xmlns=\"http:\/\/www.w3.org\/2000\/svg\" width=\"20\" height=\"20\" viewBox=\"0 0 400 400\"><g fill=\"#ffffff\"><path d=\"M200 325c-36 0-70-11-101-30a356 356 0 01-92-80c-9-11-9-19 0-29 37-44 79-79 131-99 51-20 102-14 151 12 41 22 76 52 106 89 6 8 7 16 1 23-39 48-85 85-141 105a167 167 0 01-55 9zm0-47c41 0 75-36 75-81s-34-81-75-81c-42 0-75 36-75 81s34 81 75 81z\"\/><path d=\"M200 159c21 0 38 17 38 38 0 20-17 37-38 37s-38-17-38-37c0-21 17-38 38-38z\"\/><\/g><\/svg>\n                            <span>Vista Previa<\/span>\n                        <\/a>\n    <\/div>\n<\/div>\n<\/div>\t\t\t\t<\/div>\n\t\t\t\t<\/div>\n\t\t\t\t\t<\/div>\n\t\t<\/div>\n\t\t\t\t<div class=\"elementor-column elementor-col-50 elementor-top-column elementor-element elementor-element-e1dbfd3\" data-id=\"e1dbfd3\" data-element_type=\"column\">\n\t\t\t<div class=\"elementor-column-wrap--e1dbfd3 elementor-widget-wrap elementor-element-populated\">\n\t\t\t\t\t\t<div class=\"elementor-element elementor-element-a024b9f elementor-widget elementor-widget-wpfd_choose_file\" data-id=\"a024b9f\" data-element_type=\"widget\" data-widget_type=\"wpfd_choose_file.default\">\n\t\t\t\t<div class=\"elementor-widget-container\">\n\t\t\t\t\t<div id=\"wpfd-elementor-single-file\" class=\"wpfd-elementor-single-file\"><div class=\"wpfd-single-file pdf\" data-id=\"3821\" data-catid=\"157\">\n    <input type=\"hidden\" class=\"wpfd_file_preview_link_download\" value=\"http:\/\/hcdvillaocampo.gob.ar\/wp-admin\/admin-ajax.php?juwpfisadmin&#x3D;false&amp;action&#x3D;wpfd&amp;task&#x3D;file.download&amp;wpfd_category_id&#x3D;157&amp;wpfd_file_id&#x3D;3821\" data-filetitle=\"DECRETO 01-2021- Procedimiento alternativo para funcionamiento de Concejo Joven en situaciones extraordinarias\" data-fileicons=\"ext ext-pdf wpfd-icon-set-svg\" \/>\n    <div class=\"wpfd-single-file--icon\">\n            <a href=\"http:\/\/hcdvillaocampo.gob.ar\/wp-admin\/admin-ajax.php?juwpfisadmin&#x3D;false&amp;action&#x3D;wpfd&amp;task&#x3D;file.download&amp;wpfd_category_id&#x3D;157&amp;wpfd_file_id&#x3D;3821\" alt=\"DECRETO 01-2021- Procedimiento alternativo para funcionamiento de Concejo Joven en situaciones extraordinarias\" class=\"noLightbox\" data-file-type=\"pdf\" data-id=\"3821\" data-catid=\"157\">\n            <div class=\"wpfd-icon-placeholder\" style=\"background-image: url(&quot;http:\/\/hcdvillaocampo.gob.ar\/wp-content\/plugins\/wp-file-download\/app\/site\/assets\/icons\/svg\/pdf.svg&quot;);border-radius: 4%;box-shadow: 0px 0px 0px 0px transparent;background-color: #CB0606;border: 0px solid ;background-size: 100%;\"><\/div>\n        <\/a>\n    <\/div>\n\n    <div class=\"wpfd-single-file--details wpfd-file-content\">\n                        <h4 class=\"wpfd-file-content--title\"><a href=\"http:\/\/hcdvillaocampo.gob.ar\/wp-admin\/admin-ajax.php?juwpfisadmin&#x3D;false&amp;action&#x3D;wpfd&amp;task&#x3D;file.download&amp;wpfd_category_id&#x3D;157&amp;wpfd_file_id&#x3D;3821\" style=\"text-decoration: none\">DECRETO 01-2021- Procedimiento alternativo para funcionamiento de Concejo Joven en situaciones extraordinarias<\/a><\/h4>\n    <\/div>\n    <div class=\"wpfd-single-file--buttons\">\n                                <a href=\"http:\/\/hcdvillaocampo.gob.ar\/wp-admin\/admin-ajax.php?juwpfisadmin&#x3D;false&amp;action&#x3D;wpfd&amp;task&#x3D;file.download&amp;wpfd_category_id&#x3D;157&amp;wpfd_file_id&#x3D;3821\"  data-id=\"3821\" title=\"DECRETO 01-2021- Procedimiento alternativo para funcionamiento de Concejo Joven en situaciones extraordinarias\" class=\"noLightbox wpfd_downloadlink wpfd-single-file-button wpfd-button-download\">\n                    <svg xmlns=\"http:\/\/www.w3.org\/2000\/svg\" width=\"20\" height=\"20\" viewBox=\"0 0 400 400\"><g fill=\"#ffffff\"><path d=\"M200 400H26c-18 0-26-9-26-27v-73c0-16 9-25 24-25h105a14 14 0 018 4l28 28c21 21 48 21 69 0l28-29a13 13 0 018-3h106c14 0 24 9 24 23v79c0 14-10 23-25 23H200zm155-63c-9 0-17 8-17 16a15 15 0 0015 16c9 0 17-7 17-16a16 16 0 00-15-16zm-47 16c0-9-7-16-16-16a16 16 0 00-15 16c0 9 6 16 15 16s16-7 16-16zM245 127h55a56 56 0 017 0c7 0 11 4 13 10 3 6 1 11-3 16l-43 45-62 63c-8 9-17 9-25 1L83 154c-5-5-6-11-4-18 3-7 9-9 15-9h61v-9-99c0-14 5-19 17-19h55c13 0 18 5 18 19v99z\"\/><\/g><\/svg>\n                    <span>Descargar<\/span>\n                <\/a>\n                        <a href=\"https:\/\/docs.google.com\/viewer?url&#x3D;http%3A%2F%2Fhcdvillaocampo.gob.ar%2Fwp-admin%2Fadmin-ajax.php%3Fjuwpfisadmin%3Dfalse%26action%3Dwpfd%26task%3Dfile.download%26wpfd_category_id%3D157%26wpfd_file_id%3D3821%26token%3D%26preview%3D1&amp;embedded&#x3D;true\" class=\"wpfd-single-file-button wpfd-button-preview wpfd_previewlink wpfdlightbox\"\n                            data-id=\"3821\" data-catid=\"157\"\n                            data-file-type=\"pdf\">\n                            <svg xmlns=\"http:\/\/www.w3.org\/2000\/svg\" width=\"20\" height=\"20\" viewBox=\"0 0 400 400\"><g fill=\"#ffffff\"><path d=\"M200 325c-36 0-70-11-101-30a356 356 0 01-92-80c-9-11-9-19 0-29 37-44 79-79 131-99 51-20 102-14 151 12 41 22 76 52 106 89 6 8 7 16 1 23-39 48-85 85-141 105a167 167 0 01-55 9zm0-47c41 0 75-36 75-81s-34-81-75-81c-42 0-75 36-75 81s34 81 75 81z\"\/><path d=\"M200 159c21 0 38 17 38 38 0 20-17 37-38 37s-38-17-38-37c0-21 17-38 38-38z\"\/><\/g><\/svg>\n                            <span>Vista Previa<\/span>\n                        <\/a>\n    <\/div>\n<\/div>\n<\/div>\t\t\t\t<\/div>\n\t\t\t\t<\/div>\n\t\t\t\t\t<\/div>\n\t\t<\/div>\n\t\t\t\t\t<\/div>\n\t\t<\/section>\n\t\t\t\t<section class=\"elementor-section elementor-top-section elementor-element elementor-element-56ab8eb elementor-section-boxed elementor-section-height-default elementor-section-height-default\" data-id=\"56ab8eb\" data-element_type=\"section\">\n\t\t\t\t\t\t<div class=\"elementor-container elementor-column-gap-default\">\n\t\t\t\t\t<div class=\"elementor-column elementor-col-100 elementor-top-column elementor-element elementor-element-38830c2\" data-id=\"38830c2\" data-element_type=\"column\">\n\t\t\t<div class=\"elementor-column-wrap--38830c2 elementor-widget-wrap elementor-element-populated\">\n\t\t\t\t\t\t<div class=\"elementor-element elementor-element-db9d5c5 elementor-widget elementor-widget-heading\" data-id=\"db9d5c5\" data-element_type=\"widget\" data-widget_type=\"heading.default\">\n\t\t\t\t<div class=\"elementor-widget-container\">\n\t\t\t\t\t<h2 class=\"elementor-heading-title elementor-size-default\">Edici\u00f3n 2014<\/h2>\t\t\t\t<\/div>\n\t\t\t\t<\/div>\n\t\t\t\t<div class=\"elementor-element elementor-element-2d471d9 elementor-widget elementor-widget-reycore-grid\" data-id=\"2d471d9\" data-element_type=\"widget\" data-widget_type=\"reycore-grid.default\">\n\t\t\t\t<div class=\"elementor-widget-container\">\n\t\t\t\t\t<div class=\"rey-gridEl --images --type-normal --type-md- --type-sm-\" style=\"--total:3\" data-layout=\"basic\">\n\t\t<div class=\"__items \">\n\t\t\t<div class=\"__item\"><div class=\"rey-card --basic\"><a href=\"http:\/\/hcdvillaocampo.gob.ar\/wp-content\/uploads\/2023\/09\/100_5456-scaled.jpg\" class=\"__media-link\" data-elementor-open-lightbox=\"yes\"><img fetchpriority=\"high\" decoding=\"async\" width=\"1024\" height=\"682\" src=\"http:\/\/hcdvillaocampo.gob.ar\/wp-content\/uploads\/2023\/09\/100_5456-1024x682.jpg\" class=\"__media\" alt=\"\" srcset=\"http:\/\/hcdvillaocampo.gob.ar\/wp-content\/uploads\/2023\/09\/100_5456-1024x682.jpg 1024w, http:\/\/hcdvillaocampo.gob.ar\/wp-content\/uploads\/2023\/09\/100_5456-300x200.jpg 300w, http:\/\/hcdvillaocampo.gob.ar\/wp-content\/uploads\/2023\/09\/100_5456-768x512.jpg 768w, http:\/\/hcdvillaocampo.gob.ar\/wp-content\/uploads\/2023\/09\/100_5456-1536x1024.jpg 1536w, http:\/\/hcdvillaocampo.gob.ar\/wp-content\/uploads\/2023\/09\/100_5456-2048x1365.jpg 2048w, http:\/\/hcdvillaocampo.gob.ar\/wp-content\/uploads\/2023\/09\/100_5456-330x220.jpg 330w, http:\/\/hcdvillaocampo.gob.ar\/wp-content\/uploads\/2023\/09\/100_5456-600x400.jpg 600w\" sizes=\"(max-width: 1024px) 100vw, 1024px\" \/><\/a><\/div><\/div><div class=\"__item\"><div class=\"rey-card --basic\"><a href=\"http:\/\/hcdvillaocampo.gob.ar\/wp-content\/uploads\/2023\/09\/100_5462-scaled.jpg\" class=\"__media-link\" data-elementor-open-lightbox=\"yes\"><img decoding=\"async\" width=\"1024\" height=\"682\" src=\"http:\/\/hcdvillaocampo.gob.ar\/wp-content\/uploads\/2023\/09\/100_5462-1024x682.jpg\" class=\"__media\" alt=\"\" srcset=\"http:\/\/hcdvillaocampo.gob.ar\/wp-content\/uploads\/2023\/09\/100_5462-1024x682.jpg 1024w, http:\/\/hcdvillaocampo.gob.ar\/wp-content\/uploads\/2023\/09\/100_5462-300x200.jpg 300w, http:\/\/hcdvillaocampo.gob.ar\/wp-content\/uploads\/2023\/09\/100_5462-768x512.jpg 768w, http:\/\/hcdvillaocampo.gob.ar\/wp-content\/uploads\/2023\/09\/100_5462-1536x1024.jpg 1536w, http:\/\/hcdvillaocampo.gob.ar\/wp-content\/uploads\/2023\/09\/100_5462-2048x1365.jpg 2048w, http:\/\/hcdvillaocampo.gob.ar\/wp-content\/uploads\/2023\/09\/100_5462-330x220.jpg 330w, http:\/\/hcdvillaocampo.gob.ar\/wp-content\/uploads\/2023\/09\/100_5462-600x400.jpg 600w\" sizes=\"(max-width: 1024px) 100vw, 1024px\" \/><\/a><\/div><\/div><div class=\"__item\"><div class=\"rey-card --basic\"><a href=\"http:\/\/hcdvillaocampo.gob.ar\/wp-content\/uploads\/2023\/09\/100_5427-scaled.jpg\" class=\"__media-link\" data-elementor-open-lightbox=\"yes\"><img decoding=\"async\" width=\"1024\" height=\"682\" src=\"http:\/\/hcdvillaocampo.gob.ar\/wp-content\/uploads\/2023\/09\/100_5427-1024x682.jpg\" class=\"__media\" alt=\"\" srcset=\"http:\/\/hcdvillaocampo.gob.ar\/wp-content\/uploads\/2023\/09\/100_5427-1024x682.jpg 1024w, http:\/\/hcdvillaocampo.gob.ar\/wp-content\/uploads\/2023\/09\/100_5427-300x200.jpg 300w, http:\/\/hcdvillaocampo.gob.ar\/wp-content\/uploads\/2023\/09\/100_5427-768x512.jpg 768w, http:\/\/hcdvillaocampo.gob.ar\/wp-content\/uploads\/2023\/09\/100_5427-1536x1024.jpg 1536w, http:\/\/hcdvillaocampo.gob.ar\/wp-content\/uploads\/2023\/09\/100_5427-2048x1365.jpg 2048w, http:\/\/hcdvillaocampo.gob.ar\/wp-content\/uploads\/2023\/09\/100_5427-330x220.jpg 330w, http:\/\/hcdvillaocampo.gob.ar\/wp-content\/uploads\/2023\/09\/100_5427-600x400.jpg 600w\" sizes=\"(max-width: 1024px) 100vw, 1024px\" \/><\/a><\/div><\/div>\t\t<\/div>\n\t\t<div class=\"rey-grid-loadMore-wrapper\"><a href=\"#\" class=\"btn btn-primary rey-grid-loadMore\" data-offset=\"3\" data-el-id=\"2d471d9\" data-target=\".rey-gridEl .__items\" data-limit=\"3\">\n\t\t\t\t\t<span class=\"__text\">VER M\u00c1S<\/span>\n\t\t\t\t\t<span class=\"rey-lineLoader\"><\/span>\n\t\t\t\t<\/a><\/div><\/div>\t\t\t\t<\/div>\n\t\t\t\t<\/div>\n\t\t\t\t\t<\/div>\n\t\t<\/div>\n\t\t\t\t\t<\/div>\n\t\t<\/section>\n\t\t\t\t<section class=\"elementor-section elementor-top-section elementor-element elementor-element-4f2ef24 elementor-section-boxed elementor-section-height-default elementor-section-height-default\" data-id=\"4f2ef24\" data-element_type=\"section\">\n\t\t\t\t\t\t<div class=\"elementor-container elementor-column-gap-default\">\n\t\t\t\t\t<div class=\"elementor-column elementor-col-100 elementor-top-column elementor-element elementor-element-e3926d9\" data-id=\"e3926d9\" data-element_type=\"column\">\n\t\t\t<div class=\"elementor-column-wrap--e3926d9 elementor-widget-wrap elementor-element-populated\">\n\t\t\t\t\t\t<div class=\"elementor-element elementor-element-a276341 elementor-widget elementor-widget-heading\" data-id=\"a276341\" data-element_type=\"widget\" data-widget_type=\"heading.default\">\n\t\t\t\t<div class=\"elementor-widget-container\">\n\t\t\t\t\t<h2 class=\"elementor-heading-title elementor-size-default\">Edici\u00f3n 2018<\/h2>\t\t\t\t<\/div>\n\t\t\t\t<\/div>\n\t\t\t\t<div class=\"elementor-element elementor-element-281f6ad elementor-widget elementor-widget-reycore-grid\" data-id=\"281f6ad\" data-element_type=\"widget\" data-widget_type=\"reycore-grid.default\">\n\t\t\t\t<div class=\"elementor-widget-container\">\n\t\t\t\t\t<div class=\"rey-gridEl --images --type-normal --type-md- --type-sm-\" style=\"--total:3\" data-layout=\"basic\">\n\t\t<div class=\"__items \">\n\t\t\t<div class=\"__item\"><div class=\"rey-card --basic\"><a href=\"http:\/\/hcdvillaocampo.gob.ar\/wp-content\/uploads\/2023\/09\/Concejo-Joven-2018.jpg\" class=\"__media-link\" data-elementor-open-lightbox=\"yes\"><img loading=\"lazy\" decoding=\"async\" width=\"1024\" height=\"683\" src=\"http:\/\/hcdvillaocampo.gob.ar\/wp-content\/uploads\/2023\/09\/Concejo-Joven-2018-1024x683.jpg\" class=\"__media\" alt=\"\" srcset=\"http:\/\/hcdvillaocampo.gob.ar\/wp-content\/uploads\/2023\/09\/Concejo-Joven-2018-1024x683.jpg 1024w, http:\/\/hcdvillaocampo.gob.ar\/wp-content\/uploads\/2023\/09\/Concejo-Joven-2018-300x200.jpg 300w, http:\/\/hcdvillaocampo.gob.ar\/wp-content\/uploads\/2023\/09\/Concejo-Joven-2018-768x512.jpg 768w, http:\/\/hcdvillaocampo.gob.ar\/wp-content\/uploads\/2023\/09\/Concejo-Joven-2018-330x220.jpg 330w, http:\/\/hcdvillaocampo.gob.ar\/wp-content\/uploads\/2023\/09\/Concejo-Joven-2018-600x400.jpg 600w, http:\/\/hcdvillaocampo.gob.ar\/wp-content\/uploads\/2023\/09\/Concejo-Joven-2018.jpg 1280w\" sizes=\"(max-width: 1024px) 100vw, 1024px\" \/><\/a><\/div><\/div><div class=\"__item\"><div class=\"rey-card --basic\"><a href=\"http:\/\/hcdvillaocampo.gob.ar\/wp-content\/uploads\/2023\/09\/Concejo-Joven-2018-3.jpg\" class=\"__media-link\" data-elementor-open-lightbox=\"yes\"><img loading=\"lazy\" decoding=\"async\" width=\"1024\" height=\"683\" src=\"http:\/\/hcdvillaocampo.gob.ar\/wp-content\/uploads\/2023\/09\/Concejo-Joven-2018-3-1024x683.jpg\" class=\"__media\" alt=\"\" srcset=\"http:\/\/hcdvillaocampo.gob.ar\/wp-content\/uploads\/2023\/09\/Concejo-Joven-2018-3-1024x683.jpg 1024w, http:\/\/hcdvillaocampo.gob.ar\/wp-content\/uploads\/2023\/09\/Concejo-Joven-2018-3-300x200.jpg 300w, http:\/\/hcdvillaocampo.gob.ar\/wp-content\/uploads\/2023\/09\/Concejo-Joven-2018-3-768x512.jpg 768w, http:\/\/hcdvillaocampo.gob.ar\/wp-content\/uploads\/2023\/09\/Concejo-Joven-2018-3-330x220.jpg 330w, http:\/\/hcdvillaocampo.gob.ar\/wp-content\/uploads\/2023\/09\/Concejo-Joven-2018-3-600x400.jpg 600w, http:\/\/hcdvillaocampo.gob.ar\/wp-content\/uploads\/2023\/09\/Concejo-Joven-2018-3.jpg 1280w\" sizes=\"(max-width: 1024px) 100vw, 1024px\" \/><\/a><\/div><\/div><div class=\"__item\"><div class=\"rey-card --basic\"><a href=\"http:\/\/hcdvillaocampo.gob.ar\/wp-content\/uploads\/2023\/09\/Concejo-Joven-2018-1.jpg\" class=\"__media-link\" data-elementor-open-lightbox=\"yes\"><img loading=\"lazy\" decoding=\"async\" width=\"1024\" height=\"683\" src=\"http:\/\/hcdvillaocampo.gob.ar\/wp-content\/uploads\/2023\/09\/Concejo-Joven-2018-1-1024x683.jpg\" class=\"__media\" alt=\"\" srcset=\"http:\/\/hcdvillaocampo.gob.ar\/wp-content\/uploads\/2023\/09\/Concejo-Joven-2018-1-1024x683.jpg 1024w, http:\/\/hcdvillaocampo.gob.ar\/wp-content\/uploads\/2023\/09\/Concejo-Joven-2018-1-300x200.jpg 300w, http:\/\/hcdvillaocampo.gob.ar\/wp-content\/uploads\/2023\/09\/Concejo-Joven-2018-1-768x512.jpg 768w, http:\/\/hcdvillaocampo.gob.ar\/wp-content\/uploads\/2023\/09\/Concejo-Joven-2018-1-330x220.jpg 330w, http:\/\/hcdvillaocampo.gob.ar\/wp-content\/uploads\/2023\/09\/Concejo-Joven-2018-1-600x400.jpg 600w, http:\/\/hcdvillaocampo.gob.ar\/wp-content\/uploads\/2023\/09\/Concejo-Joven-2018-1.jpg 1280w\" sizes=\"(max-width: 1024px) 100vw, 1024px\" \/><\/a><\/div><\/div>\t\t<\/div>\n\t\t<div class=\"rey-grid-loadMore-wrapper\"><a href=\"#\" class=\"btn btn-primary rey-grid-loadMore\" data-offset=\"3\" data-el-id=\"281f6ad\" data-target=\".rey-gridEl .__items\" data-limit=\"3\">\n\t\t\t\t\t<span class=\"__text\">VER M\u00c1S<\/span>\n\t\t\t\t\t<span class=\"rey-lineLoader\"><\/span>\n\t\t\t\t<\/a><\/div><\/div>\t\t\t\t<\/div>\n\t\t\t\t<\/div>\n\t\t\t\t\t<\/div>\n\t\t<\/div>\n\t\t\t\t\t<\/div>\n\t\t<\/section>\n\t\t\t\t<section class=\"elementor-section elementor-top-section elementor-element elementor-element-82983aa elementor-section-boxed elementor-section-height-default elementor-section-height-default\" data-id=\"82983aa\" data-element_type=\"section\">\n\t\t\t\t\t\t<div class=\"elementor-container elementor-column-gap-default\">\n\t\t\t\t\t<div class=\"elementor-column elementor-col-100 elementor-top-column elementor-element elementor-element-c772008\" data-id=\"c772008\" data-element_type=\"column\">\n\t\t\t<div class=\"elementor-column-wrap--c772008 elementor-widget-wrap elementor-element-populated\">\n\t\t\t\t\t\t<div class=\"elementor-element elementor-element-94f125a elementor-widget elementor-widget-heading\" data-id=\"94f125a\" data-element_type=\"widget\" data-widget_type=\"heading.default\">\n\t\t\t\t<div class=\"elementor-widget-container\">\n\t\t\t\t\t<h2 class=\"elementor-heading-title elementor-size-default\">Edici\u00f3n 2019\n<\/h2>\t\t\t\t<\/div>\n\t\t\t\t<\/div>\n\t\t\t\t<div class=\"elementor-element elementor-element-b3532dc elementor-widget elementor-widget-reycore-grid\" data-id=\"b3532dc\" data-element_type=\"widget\" data-widget_type=\"reycore-grid.default\">\n\t\t\t\t<div class=\"elementor-widget-container\">\n\t\t\t\t\t<div class=\"rey-gridEl --images --type-normal --type-md- --type-sm-\" style=\"--total:3\" data-layout=\"basic\">\n\t\t<div class=\"__items \">\n\t\t\t<div class=\"__item\"><div class=\"rey-card --basic\"><a href=\"http:\/\/hcdvillaocampo.gob.ar\/wp-content\/uploads\/2023\/09\/141-aniversario-002-scaled.jpg\" class=\"__media-link\" data-elementor-open-lightbox=\"yes\"><img loading=\"lazy\" decoding=\"async\" width=\"1024\" height=\"683\" src=\"http:\/\/hcdvillaocampo.gob.ar\/wp-content\/uploads\/2023\/09\/141-aniversario-002-1024x683.jpg\" class=\"__media\" alt=\"\" srcset=\"http:\/\/hcdvillaocampo.gob.ar\/wp-content\/uploads\/2023\/09\/141-aniversario-002-1024x683.jpg 1024w, http:\/\/hcdvillaocampo.gob.ar\/wp-content\/uploads\/2023\/09\/141-aniversario-002-300x200.jpg 300w, http:\/\/hcdvillaocampo.gob.ar\/wp-content\/uploads\/2023\/09\/141-aniversario-002-768x512.jpg 768w, http:\/\/hcdvillaocampo.gob.ar\/wp-content\/uploads\/2023\/09\/141-aniversario-002-1536x1024.jpg 1536w, http:\/\/hcdvillaocampo.gob.ar\/wp-content\/uploads\/2023\/09\/141-aniversario-002-2048x1365.jpg 2048w, http:\/\/hcdvillaocampo.gob.ar\/wp-content\/uploads\/2023\/09\/141-aniversario-002-330x220.jpg 330w, http:\/\/hcdvillaocampo.gob.ar\/wp-content\/uploads\/2023\/09\/141-aniversario-002-600x400.jpg 600w\" sizes=\"(max-width: 1024px) 100vw, 1024px\" \/><\/a><\/div><\/div><div class=\"__item\"><div class=\"rey-card --basic\"><a href=\"http:\/\/hcdvillaocampo.gob.ar\/wp-content\/uploads\/2023\/09\/141-aniversario-031-scaled.jpg\" class=\"__media-link\" data-elementor-open-lightbox=\"yes\"><img loading=\"lazy\" decoding=\"async\" width=\"1024\" height=\"683\" src=\"http:\/\/hcdvillaocampo.gob.ar\/wp-content\/uploads\/2023\/09\/141-aniversario-031-1024x683.jpg\" class=\"__media\" alt=\"\" srcset=\"http:\/\/hcdvillaocampo.gob.ar\/wp-content\/uploads\/2023\/09\/141-aniversario-031-1024x683.jpg 1024w, http:\/\/hcdvillaocampo.gob.ar\/wp-content\/uploads\/2023\/09\/141-aniversario-031-300x200.jpg 300w, http:\/\/hcdvillaocampo.gob.ar\/wp-content\/uploads\/2023\/09\/141-aniversario-031-768x512.jpg 768w, http:\/\/hcdvillaocampo.gob.ar\/wp-content\/uploads\/2023\/09\/141-aniversario-031-1536x1024.jpg 1536w, http:\/\/hcdvillaocampo.gob.ar\/wp-content\/uploads\/2023\/09\/141-aniversario-031-2048x1365.jpg 2048w, http:\/\/hcdvillaocampo.gob.ar\/wp-content\/uploads\/2023\/09\/141-aniversario-031-330x220.jpg 330w, http:\/\/hcdvillaocampo.gob.ar\/wp-content\/uploads\/2023\/09\/141-aniversario-031-600x400.jpg 600w\" sizes=\"(max-width: 1024px) 100vw, 1024px\" \/><\/a><\/div><\/div><div class=\"__item\"><div class=\"rey-card --basic\"><a href=\"http:\/\/hcdvillaocampo.gob.ar\/wp-content\/uploads\/2023\/09\/141-aniversario-036-scaled.jpg\" class=\"__media-link\" data-elementor-open-lightbox=\"yes\"><img loading=\"lazy\" decoding=\"async\" width=\"1024\" height=\"683\" src=\"http:\/\/hcdvillaocampo.gob.ar\/wp-content\/uploads\/2023\/09\/141-aniversario-036-1024x683.jpg\" class=\"__media\" alt=\"\" srcset=\"http:\/\/hcdvillaocampo.gob.ar\/wp-content\/uploads\/2023\/09\/141-aniversario-036-1024x683.jpg 1024w, http:\/\/hcdvillaocampo.gob.ar\/wp-content\/uploads\/2023\/09\/141-aniversario-036-300x200.jpg 300w, http:\/\/hcdvillaocampo.gob.ar\/wp-content\/uploads\/2023\/09\/141-aniversario-036-768x512.jpg 768w, http:\/\/hcdvillaocampo.gob.ar\/wp-content\/uploads\/2023\/09\/141-aniversario-036-1536x1024.jpg 1536w, http:\/\/hcdvillaocampo.gob.ar\/wp-content\/uploads\/2023\/09\/141-aniversario-036-2048x1365.jpg 2048w, http:\/\/hcdvillaocampo.gob.ar\/wp-content\/uploads\/2023\/09\/141-aniversario-036-330x220.jpg 330w, http:\/\/hcdvillaocampo.gob.ar\/wp-content\/uploads\/2023\/09\/141-aniversario-036-600x400.jpg 600w\" sizes=\"(max-width: 1024px) 100vw, 1024px\" \/><\/a><\/div><\/div>\t\t<\/div>\n\t\t<div class=\"rey-grid-loadMore-wrapper\"><a href=\"#\" class=\"btn btn-primary rey-grid-loadMore\" data-offset=\"3\" data-el-id=\"b3532dc\" data-target=\".rey-gridEl .__items\" data-limit=\"3\">\n\t\t\t\t\t<span class=\"__text\">VER M\u00c1S<\/span>\n\t\t\t\t\t<span class=\"rey-lineLoader\"><\/span>\n\t\t\t\t<\/a><\/div><\/div>\t\t\t\t<\/div>\n\t\t\t\t<\/div>\n\t\t\t\t\t<\/div>\n\t\t<\/div>\n\t\t\t\t\t<\/div>\n\t\t<\/section>\n\t\t\t\t<\/div>\n\t\t","protected":false},"excerpt":{"rendered":"<p>REGLAMENTO CONCEJO JOVEN Descargar Vista Previa DECRETO 01-2021- Procedimiento alternativo para funcionamiento de Concejo Joven en situaciones extraordinarias Descargar Vista Previa Edici\u00f3n 2014 VER M\u00c1S Edici\u00f3n 2018 VER M\u00c1S Edici\u00f3n 2019 VER M\u00c1S<\/p>\n","protected":false},"author":1,"featured_media":0,"parent":0,"menu_order":0,"comment_status":"closed","ping_status":"closed","template":"","meta":{"_acf_changed":false,"footnotes":""},"class_list":["post-3818","page","type-page","status-publish","hentry"],"acf":[],"_links":{"self":[{"href":"http:\/\/hcdvillaocampo.gob.ar\/index.php?rest_route=\/wp\/v2\/pages\/3818","targetHints":{"allow":["GET"]}}],"collection":[{"href":"http:\/\/hcdvillaocampo.gob.ar\/index.php?rest_route=\/wp\/v2\/pages"}],"about":[{"href":"http:\/\/hcdvillaocampo.gob.ar\/index.php?rest_route=\/wp\/v2\/types\/page"}],"author":[{"embeddable":true,"href":"http:\/\/hcdvillaocampo.gob.ar\/index.php?rest_route=\/wp\/v2\/users\/1"}],"replies":[{"embeddable":true,"href":"http:\/\/hcdvillaocampo.gob.ar\/index.php?rest_route=%2Fwp%2Fv2%2Fcomments&post=3818"}],"version-history":[{"count":7,"href":"http:\/\/hcdvillaocampo.gob.ar\/index.php?rest_route=\/wp\/v2\/pages\/3818\/revisions"}],"predecessor-version":[{"id":8099,"href":"http:\/\/hcdvillaocampo.gob.ar\/index.php?rest_route=\/wp\/v2\/pages\/3818\/revisions\/8099"}],"wp:attachment":[{"href":"http:\/\/hcdvillaocampo.gob.ar\/index.php?rest_route=%2Fwp%2Fv2%2Fmedia&parent=3818"}],"curies":[{"name":"wp","href":"https:\/\/api.w.org\/{rel}","templated":true}]}}